{"id":50,"date":"2015-04-13T13:31:59","date_gmt":"2015-04-13T13:31:59","guid":{"rendered":"http:\/\/fwrd.irontemplates.com\/thevoice\/?page_id=50"},"modified":"2025-04-17T13:59:07","modified_gmt":"2025-04-17T13:59:07","slug":"about","status":"publish","type":"page","link":"https:\/\/sandralourenco.pt\/pt\/about\/","title":{"rendered":"Sobre"},"content":{"rendered":"<div class=\"wpb-content-wrapper\"><div  class=\"vc_row wpb_row vc_row-fluid full_width tabletnopadding\"><div class=\"wpb_column vc_column_container vc_col-sm-12\"><div class=\"vc_column-inner\"><div class=\"wpb_wrapper\">\r\n\t<div class=\"wpb_single_image wpb_content_element vc_align_center\">\r\n\t\t\r\n\t\t<figure class=\"wpb_wrapper vc_figure\">\r\n\t\t\t<div class=\"vc_single_image-wrapper 0   vc_box_border_grey\"><img loading=\"lazy\" decoding=\"async\" width=\"1920\" height=\"1440\" src=\"https:\/\/sandralourenco.pt\/wp-content\/uploads\/2022\/05\/About-Sandra-Bullet.jpg\" class=\"vc_single_image-img attachment-full\" alt=\"\" title=\"About Sandra Bullet\" srcset=\"https:\/\/sandralourenco.pt\/wp-content\/uploads\/2022\/05\/About-Sandra-Bullet.jpg 1920w, https:\/\/sandralourenco.pt\/wp-content\/uploads\/2022\/05\/About-Sandra-Bullet-600x450.jpg 600w, https:\/\/sandralourenco.pt\/wp-content\/uploads\/2022\/05\/About-Sandra-Bullet-559x419.jpg 559w, https:\/\/sandralourenco.pt\/wp-content\/uploads\/2022\/05\/About-Sandra-Bullet-1024x768.jpg 1024w, https:\/\/sandralourenco.pt\/wp-content\/uploads\/2022\/05\/About-Sandra-Bullet-768x576.jpg 768w, https:\/\/sandralourenco.pt\/wp-content\/uploads\/2022\/05\/About-Sandra-Bullet-1536x1152.jpg 1536w, https:\/\/sandralourenco.pt\/wp-content\/uploads\/2022\/05\/About-Sandra-Bullet-16x12.jpg 16w\" sizes=\"auto, (max-width: 1920px) 100vw, 1920px\" \/><\/div>\r\n\t\t<\/figure>\r\n\t<\/div>\r\n<\/div><\/div><\/div><\/div><div  class=\"vc_row wpb_row vc_row-fluid vc_custom_1452106591529 full_width tabletnopadding\"><div class=\"wpb_column vc_column_container vc_col-sm-12\"><div class=\"vc_column-inner\"><div class=\"wpb_wrapper\"><div  class=\"vc_row wpb_row vc_inner vc_row-fluid vc_column-gap-20 vc_row wpb_row vc_inner  in_container\"><div class=\"wpb_column vc_column_container vc_col-sm-12\"><div class=\"vc_column-inner\"><div class=\"wpb_wrapper\"><h1 style=\"font-size: 30px;color: #25262d;line-height: 50px;text-align: left\" class=\"vc_custom_heading\">\u2728Quem \u00e9 a Sandra Louren\u00e7o?<\/h1>\n\t<div class=\"wpb_text_column wpb_content_element\" >\n\t\t<div class=\"wpb_wrapper\">\n\t\t\t<p><strong data-start=\"260\" data-end=\"279\">Sandra Louren\u00e7o<\/strong> \u00e9 uma artista indie portuguesa que cria m\u00fasica emocionalmente crua e profundamente honesta. As suas can\u00e7\u00f5es despidas falam do sil\u00eancio, do desgosto e do processo calmo de voltar a sentir-se completa. Anteriormente conhecida como <em data-start=\"483\" data-end=\"498\">Sandra Bullet<\/em>, agora lan\u00e7a m\u00fasica com o seu nome verdadeiro, convidando quem a ouve a entrar num cap\u00edtulo mais \u00edntimo e vulner\u00e1vel da sua jornada.<\/p>\n\n\t\t<\/div>\n\t<\/div>\n<div class=\"vc_empty_space\"   style=\"height: 30px\"><span class=\"vc_empty_space_inner\"><\/span><\/div><div class=\"vc_separator wpb_content_element vc_separator_align_center vc_sep_width_100 vc_sep_pos_align_center vc_separator_no_text vc_sep_color_grey wpb_content_element  wpb_content_element\" ><span class=\"vc_sep_holder vc_sep_holder_l\"><span class=\"vc_sep_line\"><\/span><\/span><span class=\"vc_sep_holder vc_sep_holder_r\"><span class=\"vc_sep_line\"><\/span><\/span>\n<\/div><h1 style=\"font-size: 30px;color: #25262d;line-height: 50px;text-align: left\" class=\"vc_custom_heading\">\ud83c\udf3f A Jornada<\/h1>\n\t<div class=\"wpb_text_column wpb_content_element\" >\n\t\t<div class=\"wpb_wrapper\">\n\t\t\t<p class=\"\" data-start=\"646\" data-end=\"911\">O caminho musical da Sandra come\u00e7ou como um chamamento interior \u2014 uma forma de processar, curar e recordar quem \u00e9, na sua ess\u00eancia.\n\nAo longo de anos de cria\u00e7\u00e3o independente, aprendeu a produzir, gravar, misturar e masterizar as suas pr\u00f3prias can\u00e7\u00f5es, tornando-se um canal autossuficiente de som e de hist\u00f3rias vividas.<\/p>\n<p class=\"\" data-start=\"913\" data-end=\"1004\">A m\u00fasica nunca foi apenas sobre melodias. Foi sobre sobreviv\u00eancia. Sobre regressar \u00e0 sua ess\u00eancia.<\/p>\n<blockquote data-start=\"1006\" data-end=\"1117\">\n<p class=\"\" data-start=\"1008\" data-end=\"1117\">\u201cA m\u00fasica era o \u00fanico lugar onde me sentia segura para expressar o que sentia. Comecei a escrever porque era a minha forma de desabafar, e isso acabou por se tornar, por si s\u00f3, uma forma de cura.\u201d<\/p>\n<\/blockquote>\n\n\t\t<\/div>\n\t<\/div>\n<div class=\"vc_empty_space\"   style=\"height: 30px\"><span class=\"vc_empty_space_inner\"><\/span><\/div><div class=\"vc_separator wpb_content_element vc_separator_align_center vc_sep_width_100 vc_sep_pos_align_center vc_separator_no_text vc_sep_color_grey wpb_content_element  wpb_content_element\" ><span class=\"vc_sep_holder vc_sep_holder_l\"><span class=\"vc_sep_line\"><\/span><\/span><span class=\"vc_sep_holder vc_sep_holder_r\"><span class=\"vc_sep_line\"><\/span><\/span>\n<\/div><h1 style=\"font-size: 30px;color: #25262d;line-height: 50px;text-align: left\" class=\"vc_custom_heading\">\ud83e\udd8b A Transforma\u00e7\u00e3o<\/h1>\n\t<div class=\"wpb_text_column wpb_content_element\" >\n\t\t<div class=\"wpb_wrapper\">\n\t\t\t<p class=\"\" data-start=\"1142\" data-end=\"1373\">Em 2021, depois de lan\u00e7ar o seu \u00e1lbum <em data-start=\"1177\" data-end=\"1201\">Somewhere In The Crowd<\/em>, a Sandra come\u00e7ou a sentir um apelo silencioso \u2014 um chamamento para largar a personagem e se revelar de forma mais aut\u00eantica. O nome \u201cSandra Bullet\u201d tinha-a levado longe, mas j\u00e1 n\u00e3o lhe soava a casa.<\/p>\n<p class=\"\" data-start=\"1375\" data-end=\"1568\">, cria n\u00e3o para atuar, mas para ser. <strong data-start=\"1383\" data-end=\"1402\">Sandra Louren\u00e7o<\/strong>, she creates not to perform, but to <em data-start=\"1439\" data-end=\"1443\">be<\/em>. To hold space for the moments we often avoid\u2014the stillness, the ache, the small lights of healing that flicker in the dark.<\/p>\n\n\t\t<\/div>\n\t<\/div>\n<div class=\"vc_empty_space\"   style=\"height: 30px\"><span class=\"vc_empty_space_inner\"><\/span><\/div><div class=\"vc_separator wpb_content_element vc_separator_align_center vc_sep_width_100 vc_sep_pos_align_center vc_separator_no_text vc_sep_color_grey wpb_content_element  wpb_content_element\" ><span class=\"vc_sep_holder vc_sep_holder_l\"><span class=\"vc_sep_line\"><\/span><\/span><span class=\"vc_sep_holder vc_sep_holder_r\"><span class=\"vc_sep_line\"><\/span><\/span>\n<\/div><h1 style=\"font-size: 30px;color: #25262d;line-height: 50px;text-align: left\" class=\"vc_custom_heading\">\ud83c\udfb6 O Som<\/h1>\n\t<div class=\"wpb_text_column wpb_content_element\" >\n\t\t<div class=\"wpb_wrapper\">\n\t\t\t<p class=\"\" data-start=\"1593\" data-end=\"1826\">A m\u00fasica da Sandra funde o indie rock com o minimalismo ambiente e uma l\u00edrica po\u00e9tica. Cada elemento \u2014 vozes, guitarras, texturas \u2014 \u00e9 criado pelas suas pr\u00f3prias m\u00e3os e cora\u00e7\u00e3o. Tamb\u00e9m cria as capas dos seus lan\u00e7amentos, transformando o som em cor e a emo\u00e7\u00e3o em imagem.<\/p>\n<p class=\"\" data-start=\"1828\" data-end=\"2015\">O seu pr\u00f3ximo single, <strong data-start=\"1847\" data-end=\"1870\">\u201cTime Stood Still,\u201d<\/strong> \u00e9 uma balada indie nascida da trai\u00e7\u00e3o, do sil\u00eancio e do suave desfiar que se segue. \u00c9 ao mesmo tempo fr\u00e1gil e intensa \u2014 um momento de verdade suspensa.<\/p>\n\n\t\t<\/div>\n\t<\/div>\n<div class=\"vc_separator wpb_content_element vc_separator_align_center vc_sep_width_100 vc_sep_pos_align_center vc_separator_no_text vc_sep_color_grey wpb_content_element  wpb_content_element\" ><span class=\"vc_sep_holder vc_sep_holder_l\"><span class=\"vc_sep_line\"><\/span><\/span><span class=\"vc_sep_holder vc_sep_holder_r\"><span class=\"vc_sep_line\"><\/span><\/span>\n<\/div><div class=\"vc_empty_space\"   style=\"height: 30px\"><span class=\"vc_empty_space_inner\"><\/span><\/div><h1 style=\"font-size: 30px;color: #25262d;line-height: 50px;text-align: left\" class=\"vc_custom_heading\">\ud83c\udf19 O Chamamento<\/h1>\n\t<div class=\"wpb_text_column wpb_content_element\" >\n\t\t<div class=\"wpb_wrapper\">\n\t\t\t<p class=\"\" data-start=\"2443\" data-end=\"2641\">As can\u00e7\u00f5es da Sandra n\u00e3o gritam. Sussurram.<br data-start=\"2485\" data-end=\"2488\" \/>S\u00e3o para os momentos de sil\u00eancio, para os cora\u00e7\u00f5es tranquilos, para quem sente profundamente.<br data-start=\"2563\" data-end=\"2566\" \/>Se a sua m\u00fasica ressoar com a tua verdade, fica desde j\u00e1 o convite para mantermos liga\u00e7\u00e3o:<\/p>\n<p class=\"\" data-start=\"2643\" data-end=\"2798\">\ud83d\udc8c <a class=\"\" href=\"https:\/\/sandralourenco.pt\/pt\/links\/\" rel=\"noopener\" data-start=\"2646\" data-end=\"2670\">Subscreve a newsletter<\/a><br data-start=\"2670\" data-end=\"2673\" \/>\ud83d\udcf7 <a class=\"\" href=\"https:\/\/www.instagram.com\/sandralourencopt\" target=\"_new\" rel=\"noopener\" data-start=\"2676\" data-end=\"2741\">Segue no Instagram<\/a><br data-start=\"2741\" data-end=\"2744\" \/>\ud83c\udfb6 <a href=\"https:\/\/sandralourenco.pt\/pt\/media\/music\/\" rel=\"noopener\" data-start=\"2747\" data-end=\"2798\">Ouve a sua m\u00fasica em streaming<\/a><\/p>\n\n\t\t<\/div>\n\t<\/div>\n<div class=\"vc_separator wpb_content_element vc_separator_align_center vc_sep_width_100 vc_sep_pos_align_center vc_separator_no_text vc_sep_color_grey wpb_content_element  wpb_content_element\" ><span class=\"vc_sep_holder vc_sep_holder_l\"><span class=\"vc_sep_line\"><\/span><\/span><span class=\"vc_sep_holder vc_sep_holder_r\"><span class=\"vc_sep_line\"><\/span><\/span>\n<\/div><\/div><\/div><\/div><\/div><div class=\"vc_empty_space\"   style=\"height: 30px\"><span class=\"vc_empty_space_inner\"><\/span><\/div>\r\n\t<a target=\"_self\" data-hoverbg=\"#cc03fc\" data-hoverborder=\"#cc03fc\" data-hovertext=\"#000000\"  class=\"button-widget center\" href=\"https:\/\/sandralourenco.pt\/pt\/media\/music\/\" style=\"padding-left:px; padding-right:px; padding-top:px; padding-bottom:px; border-width:1px; border-radius:0px; border-color:#201f25; background-color:; color:#201f25\">Ouve a M\u00fasica da Sandra<\/a><div class=\"clear button-clear\"><\/div><div class=\"vc_empty_space\"   style=\"height: 50px\"><span class=\"vc_empty_space_inner\"><\/span><\/div><\/div><\/div><\/div><\/div><div  class=\"vc_row-o-content-middle  vc_row-flex vc_row wpb_row vc_row-fluid vc_custom_1652202346973 full_width parallax\"><div class=\"wpb_column vc_column_container vc_col-sm-12\"><div class=\"vc_column-inner\"><div class=\"wpb_wrapper\"><div  class=\"vc_row wpb_row vc_inner vc_row-fluid vc_row wpb_row vc_inner  in_container\"><div class=\"wpb_column vc_column_container vc_col-sm-12\"><div class=\"vc_column-inner\"><div class=\"wpb_wrapper\"><h1 style=\"font-size: 30px;color: #25262d;line-height: 45px;text-align: center\" class=\"vc_custom_heading vc_custom_1714057480516 fit_bg_text  fit_bg_center\">M\u00daSICA<br \/>\nEM TODAS AS<br \/>\nDIMENS\u00d5ES<\/h1><\/div><\/div><\/div><\/div><\/div><\/div><\/div><\/div><div  class=\"vc_row wpb_row vc_row-fluid vc_custom_1432916017400 in_container tabletnopadding mobilenopadding\"><div class=\"wpb_column vc_column_container vc_col-sm-12\"><div class=\"vc_column-inner\"><div class=\"wpb_wrapper\"><div class=\"vc_empty_space\"   style=\"height: 60px\"><span class=\"vc_empty_space_inner\"><\/span><\/div>\n\t<div class=\"wpb_text_column wpb_content_element vc_custom_1714057001352\" >\n\t\t<div class=\"wpb_wrapper\">\n\t\t\t<p style=\"text-align: center;\">Embora o seu principal instrumento continue a ser a voz, a Sandra tamb\u00e9m toca guitarra (ac\u00fastica e el\u00e9trica), baixo e est\u00e1 atualmente a aprender piano e bateria.<\/p>\n<p style=\"text-align: center;\">Trabalhar com artistas de v\u00e1rios g\u00e9neros e pa\u00edses permitiu-lhe ganhar uma vis\u00e3o ampla e um estilo de composi\u00e7\u00e3o din\u00e2mico.<\/p>\n<p style=\"text-align: center;\">Tamb\u00e9m gravou, produziu e misturou\/masterizou v\u00e1rios estilos diferentes, mas o Rock continua a ser o seu favorito.<\/p>\n\n\t\t<\/div>\n\t<\/div>\n<div class=\"vc_empty_space\"   style=\"height: 30px\"><span class=\"vc_empty_space_inner\"><\/span><\/div>\r\n\t<a target=\"_self\" data-hoverbg=\"#cc03fc\" data-hoverborder=\"#cc03fc\" data-hovertext=\"#000000\"  class=\"button-widget center\" href=\"https:\/\/sandralourenco.pt\/pt\/media\/music\/\" style=\"padding-left:px; padding-right:px; padding-top:px; padding-bottom:px; border-width:1px; border-radius:0px; border-color:#201f25; background-color:; color:#201f25\">Ouve as Participa\u00e7\u00f5es Musicais da Sandra<\/a><div class=\"clear button-clear\"><\/div><div class=\"vc_empty_space\"   style=\"height: 50px\"><span class=\"vc_empty_space_inner\"><\/span><\/div><\/div><\/div><\/div><\/div>\n<\/div>","protected":false},"excerpt":{"rendered":"\u2728About Sandra Louren\u00e7o Sandra Louren\u00e7o is a Portuguese indie artist creating emotionally raw and soulfully honest music. Her stripped-back songs speak of silence, heartbreak, and the quiet process of becoming whole again. Formerly known as Sandra Bullet, she now releases music under her real name, inviting listeners into a more intimate, vulnerable chapter of her journey. \ud83c\udf3f The Journey Sandra\u2019s musical path began as an inner calling\u2014a way to process, heal, and remember who she truly is. Through years of [...]","protected":false},"author":1,"featured_media":0,"parent":0,"menu_order":0,"comment_status":"closed","ping_status":"closed","template":"","meta":{"_acf_changed":false,"episode_type":"","audio_file":"","podmotor_file_id":"","podmotor_episode_id":"","cover_image":"","cover_image_id":"","duration":"","filesize":"","filesize_raw":"","date_recorded":"","explicit":"","block":"","itunes_episode_number":"","itunes_title":"","itunes_season_number":"","itunes_episode_type":"","footnotes":""},"class_list":["post-50","page","type-page","status-publish","hentry"],"acf":[],"yoast_head":"<!-- This site is optimized with the Yoast SEO plugin v27.4 - https:\/\/yoast.com\/product\/yoast-seo-wordpress\/ -->\n<title>About - Sandra Lourenco<\/title>\n<meta name=\"description\" content=\"Sandra Louren\u00e7o is a Portuguese indie artist creating raw, emotional music from silence and truth. Enter her world of sound, art, and healing.\" \/>\n<meta name=\"robots\" content=\"index, follow, max-snippet:-1, max-image-preview:large, max-video-preview:-1\" \/>\n<link rel=\"canonical\" href=\"https:\/\/sandralourenco.pt\/pt\/about\/\" \/>\n<meta property=\"og:locale\" content=\"pt_PT\" \/>\n<meta property=\"og:type\" content=\"article\" \/>\n<meta property=\"og:title\" content=\"About - Sandra Lourenco\" \/>\n<meta property=\"og:description\" content=\"Sandra Louren\u00e7o is a Portuguese indie artist creating raw, emotional music from silence and truth. Enter her world of sound, art, and healing.\" \/>\n<meta property=\"og:url\" content=\"https:\/\/sandralourenco.pt\/pt\/about\/\" \/>\n<meta property=\"og:site_name\" content=\"Sandra Lourenco\" \/>\n<meta property=\"article:publisher\" content=\"https:\/\/www.facebook.com\/sandralourencopt\" \/>\n<meta property=\"article:modified_time\" content=\"2025-04-17T13:59:07+00:00\" \/>\n<meta name=\"twitter:card\" content=\"summary_large_image\" \/>\n<meta name=\"twitter:label1\" content=\"Tempo estimado de leitura\" \/>\n\t<meta name=\"twitter:data1\" content=\"3 minutos\" \/>\n<script type=\"application\/ld+json\" class=\"yoast-schema-graph\">{\"@context\":\"https:\\\/\\\/schema.org\",\"@graph\":[{\"@type\":\"WebPage\",\"@id\":\"https:\\\/\\\/sandralourenco.pt\\\/about\\\/\",\"url\":\"https:\\\/\\\/sandralourenco.pt\\\/about\\\/\",\"name\":\"About - Sandra Lourenco\",\"isPartOf\":{\"@id\":\"https:\\\/\\\/sandralourenco.pt\\\/#website\"},\"datePublished\":\"2015-04-13T13:31:59+00:00\",\"dateModified\":\"2025-04-17T13:59:07+00:00\",\"description\":\"Sandra Louren\u00e7o is a Portuguese indie artist creating raw, emotional music from silence and truth. Enter her world of sound, art, and healing.\",\"breadcrumb\":{\"@id\":\"https:\\\/\\\/sandralourenco.pt\\\/about\\\/#breadcrumb\"},\"inLanguage\":\"pt-PT\",\"potentialAction\":[{\"@type\":\"ReadAction\",\"target\":[\"https:\\\/\\\/sandralourenco.pt\\\/about\\\/\"]}]},{\"@type\":\"BreadcrumbList\",\"@id\":\"https:\\\/\\\/sandralourenco.pt\\\/about\\\/#breadcrumb\",\"itemListElement\":[{\"@type\":\"ListItem\",\"position\":1,\"name\":\"Home\",\"item\":\"https:\\\/\\\/sandralourenco.pt\\\/\"},{\"@type\":\"ListItem\",\"position\":2,\"name\":\"About\"}]},{\"@type\":\"WebSite\",\"@id\":\"https:\\\/\\\/sandralourenco.pt\\\/#website\",\"url\":\"https:\\\/\\\/sandralourenco.pt\\\/\",\"name\":\"Sandra Louren\u00e7o\",\"description\":\"\",\"publisher\":{\"@id\":\"https:\\\/\\\/sandralourenco.pt\\\/#\\\/schema\\\/person\\\/84fbef2572e8d3492ebc762358ccfb9b\"},\"potentialAction\":[{\"@type\":\"SearchAction\",\"target\":{\"@type\":\"EntryPoint\",\"urlTemplate\":\"https:\\\/\\\/sandralourenco.pt\\\/?s={search_term_string}\"},\"query-input\":{\"@type\":\"PropertyValueSpecification\",\"valueRequired\":true,\"valueName\":\"search_term_string\"}}],\"inLanguage\":\"pt-PT\"},{\"@type\":[\"Person\",\"Organization\"],\"@id\":\"https:\\\/\\\/sandralourenco.pt\\\/#\\\/schema\\\/person\\\/84fbef2572e8d3492ebc762358ccfb9b\",\"name\":\"sandralourenco\",\"image\":{\"@type\":\"ImageObject\",\"inLanguage\":\"pt-PT\",\"@id\":\"https:\\\/\\\/sandralourenco.pt\\\/wp-content\\\/uploads\\\/2024\\\/06\\\/cropped-Icon.png\",\"url\":\"https:\\\/\\\/sandralourenco.pt\\\/wp-content\\\/uploads\\\/2024\\\/06\\\/cropped-Icon.png\",\"contentUrl\":\"https:\\\/\\\/sandralourenco.pt\\\/wp-content\\\/uploads\\\/2024\\\/06\\\/cropped-Icon.png\",\"width\":512,\"height\":512,\"caption\":\"sandralourenco\"},\"logo\":{\"@id\":\"https:\\\/\\\/sandralourenco.pt\\\/wp-content\\\/uploads\\\/2024\\\/06\\\/cropped-Icon.png\"},\"description\":\"Weirdo, INFJ, hypersensitive and an empath, Sandra Louren\u00e7o is a Portuguese music artist who blends personal growth with Post-Rock songs. Her primary instrument is her voice, but she also composes, plays several instruments and produces her own music. Her latest creations also include album art paintings and a podcast about personal growth and spirituality.\",\"sameAs\":[\"https:\\\/\\\/sandralourenco.pt\",\"https:\\\/\\\/www.facebook.com\\\/sandralourencopt\",\"https:\\\/\\\/www.instagram.com\\\/sandralourencopt\",\"https:\\\/\\\/www.youtube.com\\\/@SandraLourencopt\",\"https:\\\/\\\/soundcloud.com\\\/sandralourencopt\"]}]}<\/script>\n<!-- \/ Yoast SEO plugin. -->","yoast_head_json":{"title":"About - Sandra Lourenco","description":"Sandra Louren\u00e7o is a Portuguese indie artist creating raw, emotional music from silence and truth. Enter her world of sound, art, and healing.","robots":{"index":"index","follow":"follow","max-snippet":"max-snippet:-1","max-image-preview":"max-image-preview:large","max-video-preview":"max-video-preview:-1"},"canonical":"https:\/\/sandralourenco.pt\/pt\/about\/","og_locale":"pt_PT","og_type":"article","og_title":"About - Sandra Lourenco","og_description":"Sandra Louren\u00e7o is a Portuguese indie artist creating raw, emotional music from silence and truth. Enter her world of sound, art, and healing.","og_url":"https:\/\/sandralourenco.pt\/pt\/about\/","og_site_name":"Sandra Lourenco","article_publisher":"https:\/\/www.facebook.com\/sandralourencopt","article_modified_time":"2025-04-17T13:59:07+00:00","twitter_card":"summary_large_image","twitter_misc":{"Tempo estimado de leitura":"3 minutos"},"schema":{"@context":"https:\/\/schema.org","@graph":[{"@type":"WebPage","@id":"https:\/\/sandralourenco.pt\/about\/","url":"https:\/\/sandralourenco.pt\/about\/","name":"About - Sandra Lourenco","isPartOf":{"@id":"https:\/\/sandralourenco.pt\/#website"},"datePublished":"2015-04-13T13:31:59+00:00","dateModified":"2025-04-17T13:59:07+00:00","description":"Sandra Louren\u00e7o is a Portuguese indie artist creating raw, emotional music from silence and truth. Enter her world of sound, art, and healing.","breadcrumb":{"@id":"https:\/\/sandralourenco.pt\/about\/#breadcrumb"},"inLanguage":"pt-PT","potentialAction":[{"@type":"ReadAction","target":["https:\/\/sandralourenco.pt\/about\/"]}]},{"@type":"BreadcrumbList","@id":"https:\/\/sandralourenco.pt\/about\/#breadcrumb","itemListElement":[{"@type":"ListItem","position":1,"name":"Home","item":"https:\/\/sandralourenco.pt\/"},{"@type":"ListItem","position":2,"name":"About"}]},{"@type":"WebSite","@id":"https:\/\/sandralourenco.pt\/#website","url":"https:\/\/sandralourenco.pt\/","name":"Sandra Louren\u00e7o","description":"","publisher":{"@id":"https:\/\/sandralourenco.pt\/#\/schema\/person\/84fbef2572e8d3492ebc762358ccfb9b"},"potentialAction":[{"@type":"SearchAction","target":{"@type":"EntryPoint","urlTemplate":"https:\/\/sandralourenco.pt\/?s={search_term_string}"},"query-input":{"@type":"PropertyValueSpecification","valueRequired":true,"valueName":"search_term_string"}}],"inLanguage":"pt-PT"},{"@type":["Person","Organization"],"@id":"https:\/\/sandralourenco.pt\/#\/schema\/person\/84fbef2572e8d3492ebc762358ccfb9b","name":"sandralourenco","image":{"@type":"ImageObject","inLanguage":"pt-PT","@id":"https:\/\/sandralourenco.pt\/wp-content\/uploads\/2024\/06\/cropped-Icon.png","url":"https:\/\/sandralourenco.pt\/wp-content\/uploads\/2024\/06\/cropped-Icon.png","contentUrl":"https:\/\/sandralourenco.pt\/wp-content\/uploads\/2024\/06\/cropped-Icon.png","width":512,"height":512,"caption":"sandralourenco"},"logo":{"@id":"https:\/\/sandralourenco.pt\/wp-content\/uploads\/2024\/06\/cropped-Icon.png"},"description":"Weirdo, INFJ, hypersensitive and an empath, Sandra Louren\u00e7o is a Portuguese music artist who blends personal growth with Post-Rock songs. Her primary instrument is her voice, but she also composes, plays several instruments and produces her own music. Her latest creations also include album art paintings and a podcast about personal growth and spirituality.","sameAs":["https:\/\/sandralourenco.pt","https:\/\/www.facebook.com\/sandralourencopt","https:\/\/www.instagram.com\/sandralourencopt","https:\/\/www.youtube.com\/@SandraLourencopt","https:\/\/soundcloud.com\/sandralourencopt"]}]}},"_links":{"self":[{"href":"https:\/\/sandralourenco.pt\/pt\/wp-json\/wp\/v2\/pages\/50","targetHints":{"allow":["GET"]}}],"collection":[{"href":"https:\/\/sandralourenco.pt\/pt\/wp-json\/wp\/v2\/pages"}],"about":[{"href":"https:\/\/sandralourenco.pt\/pt\/wp-json\/wp\/v2\/types\/page"}],"author":[{"embeddable":true,"href":"https:\/\/sandralourenco.pt\/pt\/wp-json\/wp\/v2\/users\/1"}],"replies":[{"embeddable":true,"href":"https:\/\/sandralourenco.pt\/pt\/wp-json\/wp\/v2\/comments?post=50"}],"version-history":[{"count":13,"href":"https:\/\/sandralourenco.pt\/pt\/wp-json\/wp\/v2\/pages\/50\/revisions"}],"predecessor-version":[{"id":6272,"href":"https:\/\/sandralourenco.pt\/pt\/wp-json\/wp\/v2\/pages\/50\/revisions\/6272"}],"wp:attachment":[{"href":"https:\/\/sandralourenco.pt\/pt\/wp-json\/wp\/v2\/media?parent=50"}],"curies":[{"name":"wp","href":"https:\/\/api.w.org\/{rel}","templated":true}]}}